{"id":4949,"date":"2023-06-05T17:22:30","date_gmt":"2023-06-05T17:22:30","guid":{"rendered":"https:\/\/macopuebla.com\/?post_type=product&#038;p=4949"},"modified":"2023-06-05T17:28:50","modified_gmt":"2023-06-05T17:28:50","slug":"valvulaslogicas","status":"publish","type":"product","link":"https:\/\/gurusdigitales.mx\/maco\/producto\/valvulaslogicas\/","title":{"rendered":"V\u00e1lvulas l\u00f3gicas"},"content":{"rendered":"","protected":false},"excerpt":{"rendered":"<p>Parker ofrece una gama de v\u00e1lvulas premium para diversos proyectos de trabajo, que incluyen hidr\u00e1ulica, neum\u00e1tica, instrumentaci\u00f3n, refrigeraci\u00f3n y aeroespacial. Estas v\u00e1lvulas se encuentran disponibles en una variedad de tipos y configuraciones para adaptarse a tus necesidades espec\u00edficas.<\/p>\n<p>La calidad y la confiabilidad son caracter\u00edsticas inherentes a las v\u00e1lvulas de Parker. Est\u00e1n dise\u00f1adas y fabricadas con los mejores materiales y cumplen con rigurosos est\u00e1ndares de calidad para garantizar un rendimiento \u00f3ptimo y una larga vida \u00fatil.<\/p>\n\t\t<div data-elementor-type=\"page\" data-elementor-id=\"4635\" class=\"elementor elementor-4635\" data-elementor-post-type=\"elementor_library\">\n\t\t\t\t\t\t<section class=\"elementor-section elementor-top-section elementor-element elementor-element-d49705e elementor-section-boxed elementor-section-height-default elementor-section-height-default\" data-id=\"d49705e\" data-element_type=\"section\">\r\n\t\t\r\n\t\t\t\t\t\t\t<div class=\"elementor-container elementor-column-gap-default\">\r\n\t\t\t\t\t\t\t\t\t\t\t<div class=\"elementor-column elementor-col-100 elementor-top-column elementor-element elementor-element-de6b130\" data-id=\"de6b130\" data-element_type=\"column\">\r\n\t\t\t\t\t<div class=\"elementor-widget-wrap elementor-element-populated\">\r\n\t\t\t\t\t\t\t\t<section class=\"elementor-section elementor-inner-section elementor-element elementor-element-ecac482 elementor-section-boxed elementor-section-height-default elementor-section-height-default\" data-id=\"ecac482\" data-element_type=\"section\">\r\n\t\t\r\n\t\t\t\t\t\t\t<div class=\"elementor-container elementor-column-gap-default\">\r\n\t\t\t\t\t\t\t\t\t\t\t<div class=\"elementor-column elementor-col-50 elementor-inner-column elementor-element elementor-element-4fdd896\" data-id=\"4fdd896\" data-element_type=\"column\">\r\n\t\t\t\t\t<div class=\"elementor-widget-wrap elementor-element-populated\">\r\n\t\t\t\t\t\t\t\t<div class=\"elementor-element elementor-element-7e6a25b elementor-align-left elementor-widget elementor-widget-button\" data-id=\"7e6a25b\" data-element_type=\"widget\" data-widget_type=\"button.default\">\n\t\t\t\t<div class=\"elementor-widget-container\">\n\t\t\t\t\t\t\t\t\t<div class=\"elementor-button-wrapper\">\n\t\t\t\t\t<a class=\"elementor-button elementor-button-link elementor-size-sm\" href=\"#elementor-action%3Aaction%3Dpopup%3Aopen%26settings%3DeyJpZCI6IjQ1OTEiLCJ0b2dnbGUiOmZhbHNlfQ%3D%3D\">\n\t\t\t\t\t\t<span class=\"elementor-button-content-wrapper\">\n\t\t\t\t\t\t\t\t\t<span class=\"elementor-button-text\">CONTACTA A NUESTRO  DEPARTAMENTO<\/span>\n\t\t\t\t\t<\/span>\n\t\t\t\t\t<\/a>\n\t\t\t\t<\/div>\n\t\t\t\t\t\t\t\t<\/div>\n\t\t\t\t<\/div>\n\t\t\t\t\t<\/div>\r\n\t\t\t\t<\/div>\r\n\t\t\t\t<div class=\"elementor-column elementor-col-50 elementor-inner-column elementor-element elementor-element-b3f7030\" data-id=\"b3f7030\" data-element_type=\"column\">\r\n\t\t\t\t\t<div class=\"elementor-widget-wrap elementor-element-populated\">\r\n\t\t\t\t\t\t\t\t<div class=\"elementor-element elementor-element-6ee7354 elementor-align-left elementor-widget elementor-widget-button\" data-id=\"6ee7354\" data-element_type=\"widget\" data-widget_type=\"button.default\">\n\t\t\t\t<div class=\"elementor-widget-container\">\n\t\t\t\t\t\t\t\t\t<div class=\"elementor-button-wrapper\">\n\t\t\t\t\t<a class=\"elementor-button elementor-button-link elementor-size-sm\" href=\"https:\/\/wa.me\/2227596177\">\n\t\t\t\t\t\t<span class=\"elementor-button-content-wrapper\">\n\t\t\t\t\t\t<span class=\"elementor-button-icon\">\n\t\t\t\t<i aria-hidden=\"true\" class=\"fab fa-whatsapp\"><\/i>\t\t\t<\/span>\n\t\t\t\t\t\t\t\t\t<span class=\"elementor-button-text\">CONTACTANOS POR  WHATSAPP<\/span>\n\t\t\t\t\t<\/span>\n\t\t\t\t\t<\/a>\n\t\t\t\t<\/div>\n\t\t\t\t\t\t\t\t<\/div>\n\t\t\t\t<\/div>\n\t\t\t\t\t<\/div>\r\n\t\t\t\t<\/div>\r\n\t\t\t\t\t<\/div>\r\n\t\t\t\t<\/section>\r\n\t\t\t\t\t<\/div>\r\n\t\t\t\t<\/div>\r\n\t\t\t\t\t<\/div>\r\n\t\t\t\t<\/section>\r\n\t\t\t\t<\/div>\n\t\t\n","protected":false},"featured_media":4951,"template":"","meta":{"om_disable_all_campaigns":false,"_monsterinsights_skip_tracking":false,"_monsterinsights_sitenote_active":false,"_monsterinsights_sitenote_note":"","_monsterinsights_sitenote_category":0},"product_brand":[],"product_cat":[150,155],"product_tag":[],"class_list":{"0":"post-4949","1":"product","2":"type-product","3":"status-publish","4":"has-post-thumbnail","6":"product_cat-controlymovimiento","7":"product_cat-valvulas","9":"first","10":"instock","11":"shipping-taxable","12":"product-type-variable"},"aioseo_notices":[],"_links":{"self":[{"href":"https:\/\/gurusdigitales.mx\/maco\/wp-json\/wp\/v2\/product\/4949","targetHints":{"allow":["GET"]}}],"collection":[{"href":"https:\/\/gurusdigitales.mx\/maco\/wp-json\/wp\/v2\/product"}],"about":[{"href":"https:\/\/gurusdigitales.mx\/maco\/wp-json\/wp\/v2\/types\/product"}],"version-history":[{"count":1,"href":"https:\/\/gurusdigitales.mx\/maco\/wp-json\/wp\/v2\/product\/4949\/revisions"}],"predecessor-version":[{"id":4953,"href":"https:\/\/gurusdigitales.mx\/maco\/wp-json\/wp\/v2\/product\/4949\/revisions\/4953"}],"wp:featuredmedia":[{"embeddable":true,"href":"https:\/\/gurusdigitales.mx\/maco\/wp-json\/wp\/v2\/media\/4951"}],"wp:attachment":[{"href":"https:\/\/gurusdigitales.mx\/maco\/wp-json\/wp\/v2\/media?parent=4949"}],"wp:term":[{"taxonomy":"product_brand","embeddable":true,"href":"https:\/\/gurusdigitales.mx\/maco\/wp-json\/wp\/v2\/product_brand?post=4949"},{"taxonomy":"product_cat","embeddable":true,"href":"https:\/\/gurusdigitales.mx\/maco\/wp-json\/wp\/v2\/product_cat?post=4949"},{"taxonomy":"product_tag","embeddable":true,"href":"https:\/\/gurusdigitales.mx\/maco\/wp-json\/wp\/v2\/product_tag?post=4949"}],"curies":[{"name":"wp","href":"https:\/\/api.w.org\/{rel}","templated":true}]}}