{"id":4751,"date":"2023-06-05T15:36:38","date_gmt":"2023-06-05T15:36:38","guid":{"rendered":"https:\/\/macopuebla.com\/?post_type=product&#038;p=4751"},"modified":"2023-06-05T18:06:24","modified_gmt":"2023-06-05T18:06:24","slug":"bombasneumaticas-1","status":"publish","type":"product","link":"https:\/\/gurusdigitales.mx\/maco\/producto\/bombasneumaticas-1\/","title":{"rendered":"Bombas neum\u00e1ticas"},"content":{"rendered":"","protected":false},"excerpt":{"rendered":"<p>Parker ofrece una amplio repertorio a seleccionar de bombas hidr\u00e1ulicas de eficiencia energ\u00e9tica que abarcan diferentes tipos, como bombas de desplazamiento de pist\u00f3n variable, bombas de paletas fijas y bombas de engranajes fijos. Estas bombas son dise\u00f1adas pensando en una variedad de aplicaciones, y se destacan por su capacidad para brindar un rendimiento \u00f3ptimo.<\/p>\n<p>Como con mayor\u00eda de los productos de Parker, las bombas hidr\u00e1ulicas se fabrican utilizando los mejores materiales y est\u00e1n sometidas a rigurosos controles de calidad. Esto garantiza su durabilidad y confiabilidad, as\u00ed como un rendimiento consistente a lo largo del tiempo.<\/p>\n\t\t<div data-elementor-type=\"page\" data-elementor-id=\"4635\" class=\"elementor elementor-4635\" data-elementor-post-type=\"elementor_library\">\n\t\t\t\t\t\t<section class=\"elementor-section elementor-top-section elementor-element elementor-element-d49705e elementor-section-boxed elementor-section-height-default elementor-section-height-default\" data-id=\"d49705e\" data-element_type=\"section\">\r\n\t\t\r\n\t\t\t\t\t\t\t<div class=\"elementor-container elementor-column-gap-default\">\r\n\t\t\t\t\t\t\t\t\t\t\t<div class=\"elementor-column elementor-col-100 elementor-top-column elementor-element elementor-element-de6b130\" data-id=\"de6b130\" data-element_type=\"column\">\r\n\t\t\t\t\t<div class=\"elementor-widget-wrap elementor-element-populated\">\r\n\t\t\t\t\t\t\t\t<section class=\"elementor-section elementor-inner-section elementor-element elementor-element-ecac482 elementor-section-boxed elementor-section-height-default elementor-section-height-default\" data-id=\"ecac482\" data-element_type=\"section\">\r\n\t\t\r\n\t\t\t\t\t\t\t<div class=\"elementor-container elementor-column-gap-default\">\r\n\t\t\t\t\t\t\t\t\t\t\t<div class=\"elementor-column elementor-col-50 elementor-inner-column elementor-element elementor-element-4fdd896\" data-id=\"4fdd896\" data-element_type=\"column\">\r\n\t\t\t\t\t<div class=\"elementor-widget-wrap elementor-element-populated\">\r\n\t\t\t\t\t\t\t\t<div class=\"elementor-element elementor-element-7e6a25b elementor-align-left elementor-widget elementor-widget-button\" data-id=\"7e6a25b\" data-element_type=\"widget\" data-widget_type=\"button.default\">\n\t\t\t\t<div class=\"elementor-widget-container\">\n\t\t\t\t\t\t\t\t\t<div class=\"elementor-button-wrapper\">\n\t\t\t\t\t<a class=\"elementor-button elementor-button-link elementor-size-sm\" href=\"#elementor-action%3Aaction%3Dpopup%3Aopen%26settings%3DeyJpZCI6IjQ1OTEiLCJ0b2dnbGUiOmZhbHNlfQ%3D%3D\">\n\t\t\t\t\t\t<span class=\"elementor-button-content-wrapper\">\n\t\t\t\t\t\t\t\t\t<span class=\"elementor-button-text\">CONTACTA A NUESTRO  DEPARTAMENTO<\/span>\n\t\t\t\t\t<\/span>\n\t\t\t\t\t<\/a>\n\t\t\t\t<\/div>\n\t\t\t\t\t\t\t\t<\/div>\n\t\t\t\t<\/div>\n\t\t\t\t\t<\/div>\r\n\t\t\t\t<\/div>\r\n\t\t\t\t<div class=\"elementor-column elementor-col-50 elementor-inner-column elementor-element elementor-element-b3f7030\" data-id=\"b3f7030\" data-element_type=\"column\">\r\n\t\t\t\t\t<div class=\"elementor-widget-wrap elementor-element-populated\">\r\n\t\t\t\t\t\t\t\t<div class=\"elementor-element elementor-element-6ee7354 elementor-align-left elementor-widget elementor-widget-button\" data-id=\"6ee7354\" data-element_type=\"widget\" data-widget_type=\"button.default\">\n\t\t\t\t<div class=\"elementor-widget-container\">\n\t\t\t\t\t\t\t\t\t<div class=\"elementor-button-wrapper\">\n\t\t\t\t\t<a class=\"elementor-button elementor-button-link elementor-size-sm\" href=\"https:\/\/wa.me\/2227596177\">\n\t\t\t\t\t\t<span class=\"elementor-button-content-wrapper\">\n\t\t\t\t\t\t<span class=\"elementor-button-icon\">\n\t\t\t\t<i aria-hidden=\"true\" class=\"fab fa-whatsapp\"><\/i>\t\t\t<\/span>\n\t\t\t\t\t\t\t\t\t<span class=\"elementor-button-text\">CONTACTANOS POR  WHATSAPP<\/span>\n\t\t\t\t\t<\/span>\n\t\t\t\t\t<\/a>\n\t\t\t\t<\/div>\n\t\t\t\t\t\t\t\t<\/div>\n\t\t\t\t<\/div>\n\t\t\t\t\t<\/div>\r\n\t\t\t\t<\/div>\r\n\t\t\t\t\t<\/div>\r\n\t\t\t\t<\/section>\r\n\t\t\t\t\t<\/div>\r\n\t\t\t\t<\/div>\r\n\t\t\t\t\t<\/div>\r\n\t\t\t\t<\/section>\r\n\t\t\t\t<\/div>\n\t\t\n","protected":false},"featured_media":4753,"template":"","meta":{"om_disable_all_campaigns":false,"_monsterinsights_skip_tracking":false,"_monsterinsights_sitenote_active":false,"_monsterinsights_sitenote_note":"","_monsterinsights_sitenote_category":0},"product_brand":[],"product_cat":[150,153],"product_tag":[],"class_list":{"0":"post-4751","1":"product","2":"type-product","3":"status-publish","4":"has-post-thumbnail","6":"product_cat-controlymovimiento","7":"product_cat-bombashidraulicas","9":"first","10":"instock","11":"shipping-taxable","12":"product-type-variable"},"aioseo_notices":[],"_links":{"self":[{"href":"https:\/\/gurusdigitales.mx\/maco\/wp-json\/wp\/v2\/product\/4751","targetHints":{"allow":["GET"]}}],"collection":[{"href":"https:\/\/gurusdigitales.mx\/maco\/wp-json\/wp\/v2\/product"}],"about":[{"href":"https:\/\/gurusdigitales.mx\/maco\/wp-json\/wp\/v2\/types\/product"}],"version-history":[{"count":1,"href":"https:\/\/gurusdigitales.mx\/maco\/wp-json\/wp\/v2\/product\/4751\/revisions"}],"predecessor-version":[{"id":4755,"href":"https:\/\/gurusdigitales.mx\/maco\/wp-json\/wp\/v2\/product\/4751\/revisions\/4755"}],"wp:featuredmedia":[{"embeddable":true,"href":"https:\/\/gurusdigitales.mx\/maco\/wp-json\/wp\/v2\/media\/4753"}],"wp:attachment":[{"href":"https:\/\/gurusdigitales.mx\/maco\/wp-json\/wp\/v2\/media?parent=4751"}],"wp:term":[{"taxonomy":"product_brand","embeddable":true,"href":"https:\/\/gurusdigitales.mx\/maco\/wp-json\/wp\/v2\/product_brand?post=4751"},{"taxonomy":"product_cat","embeddable":true,"href":"https:\/\/gurusdigitales.mx\/maco\/wp-json\/wp\/v2\/product_cat?post=4751"},{"taxonomy":"product_tag","embeddable":true,"href":"https:\/\/gurusdigitales.mx\/maco\/wp-json\/wp\/v2\/product_tag?post=4751"}],"curies":[{"name":"wp","href":"https:\/\/api.w.org\/{rel}","templated":true}]}}