{"id":3377,"date":"2022-11-03T05:23:20","date_gmt":"2022-11-03T05:23:20","guid":{"rendered":"https:\/\/macopuebla.com\/?post_type=product&#038;p=3377"},"modified":"2023-05-30T17:25:35","modified_gmt":"2023-05-30T17:25:35","slug":"manguera-hidraulica-sae100-r6-2","status":"publish","type":"product","link":"https:\/\/gurusdigitales.mx\/maco\/producto\/manguera-hidraulica-sae100-r6-2\/","title":{"rendered":"Manguera hidr\u00e1ulica SAE100 R6 2"},"content":{"rendered":"<p>La manguera hidr\u00e1ulica SAE100 R6 es una manguera de baja presi\u00f3n dise\u00f1ada para aplicaciones hidr\u00e1ulicas y de transferencia de fluidos. Con un tubo interno de goma y refuerzo textil, ofrece flexibilidad y resistencia al calor, aceite y abrasi\u00f3n, siendo ideal para uso en sistemas hidr\u00e1ulicos de baja presi\u00f3n, sistemas de combustible y aplicaciones industriales ligeras.<\/p>\n","protected":false},"excerpt":{"rendered":"<p>La manguera hidr\u00e1ulica SAE100 R6 es una manguera de baja presi\u00f3n dise\u00f1ada para aplicaciones hidr\u00e1ulicas y de transferencia de fluidos. Con un tubo interno de goma y refuerzo textil, ofrece flexibilidad y resistencia al calor, aceite y abrasi\u00f3n, siendo ideal para uso en sistemas hidr\u00e1ulicos de baja presi\u00f3n, sistemas de combustible y aplicaciones industriales ligeras.<\/p>\n","protected":false},"featured_media":3360,"template":"","meta":{"om_disable_all_campaigns":false,"_monsterinsights_skip_tracking":false,"_monsterinsights_sitenote_active":false,"_monsterinsights_sitenote_note":"","_monsterinsights_sitenote_category":0},"product_brand":[],"product_cat":[16,17],"product_tag":[],"class_list":{"0":"post-3377","1":"product","2":"type-product","3":"status-publish","4":"has-post-thumbnail","6":"product_cat-hidraulica","7":"product_cat-mangueras","9":"first","10":"instock","11":"shipping-taxable","12":"product-type-variable"},"aioseo_notices":[],"_links":{"self":[{"href":"https:\/\/gurusdigitales.mx\/maco\/wp-json\/wp\/v2\/product\/3377","targetHints":{"allow":["GET"]}}],"collection":[{"href":"https:\/\/gurusdigitales.mx\/maco\/wp-json\/wp\/v2\/product"}],"about":[{"href":"https:\/\/gurusdigitales.mx\/maco\/wp-json\/wp\/v2\/types\/product"}],"version-history":[{"count":3,"href":"https:\/\/gurusdigitales.mx\/maco\/wp-json\/wp\/v2\/product\/3377\/revisions"}],"predecessor-version":[{"id":4630,"href":"https:\/\/gurusdigitales.mx\/maco\/wp-json\/wp\/v2\/product\/3377\/revisions\/4630"}],"wp:featuredmedia":[{"embeddable":true,"href":"https:\/\/gurusdigitales.mx\/maco\/wp-json\/wp\/v2\/media\/3360"}],"wp:attachment":[{"href":"https:\/\/gurusdigitales.mx\/maco\/wp-json\/wp\/v2\/media?parent=3377"}],"wp:term":[{"taxonomy":"product_brand","embeddable":true,"href":"https:\/\/gurusdigitales.mx\/maco\/wp-json\/wp\/v2\/product_brand?post=3377"},{"taxonomy":"product_cat","embeddable":true,"href":"https:\/\/gurusdigitales.mx\/maco\/wp-json\/wp\/v2\/product_cat?post=3377"},{"taxonomy":"product_tag","embeddable":true,"href":"https:\/\/gurusdigitales.mx\/maco\/wp-json\/wp\/v2\/product_tag?post=3377"}],"curies":[{"name":"wp","href":"https:\/\/api.w.org\/{rel}","templated":true}]}}